{"id":242050,"date":"2026-03-28T06:08:52","date_gmt":"2026-03-28T06:08:52","guid":{"rendered":"https:\/\/vijfvoortwaalf.com\/product\/5-pa-12-or-no-ta-12-or-edishon-luksus-hulandes\/"},"modified":"2026-04-01T09:25:56","modified_gmt":"2026-04-01T09:25:56","slug":"5-pa-12-or-no-ta-12-or-edishon-luksus-hulandes","status":"publish","type":"product","link":"https:\/\/vijfvoortwaalf.com\/es\/producto\/5-pa-12-or-no-ta-12-or-edishon-luksus-hulandes\/","title":{"rendered":"5 pa 12 no ta 12 or | Edishon l\u00f9ksus (Hulandes)"},"content":{"rendered":"\r\n\r\n<div class=\"et_pb_section_0 et_pb_section et_section_regular et_block_section\">\r\n\r\n<div class=\"et_pb_row_0 et_pb_row et_block_row\">\r\n\r\n<div class=\"et_pb_column_0 et_pb_column et_pb_column_4_4 et-last-child et_block_column et_pb_css_mix_blend_mode_passthrough\">\r\n\r\n<div class=\"et_pb_wc_cart_notice_0 et_pb_wc_cart_notice et_pb_fields_layout_default et_pb_module\"><div class=\"et_pb_module_inner\">\n\t<div class=\"woocommerce-message\" role=\"alert\">\n\t\t&ldquo;Product Name&rdquo; has been added to cart.\t<\/div>\n<\/div><\/div>\r\n\r\n\r\n\r\n<div class=\"et_pb_row_1 et_pb_row et_pb_row_nested et_block_row\">\r\n\r\n<div class=\"et_pb_column_1 et_pb_column et_pb_column_1_2 et_block_column et_pb_css_mix_blend_mode_passthrough\">\r\n\r\n<div class=\"et_pb_wc_images_0 et_pb_wc_images et_pb_module\"><div class=\"et_pb_module_inner\"><div data-product-id=\"1212\" class=\"woocommerce-product-gallery woocommerce-product-gallery--with-images woocommerce-product-gallery--columns-4 images\" data-columns=\"4\" style=\"opacity: 0; transition: opacity .25s ease-in-out;\">\n\t<div class=\"woocommerce-product-gallery__wrapper\">\n\t\t<div data-thumb=\"https:\/\/vijfvoortwaalf.com\/wp-content\/uploads\/2026\/03\/book-cover-shop-luxe-front-100x100.jpg\" data-thumb-alt=\"5 voor 12 | Luxe editie NL\" data-thumb-srcset=\"\"  data-thumb-sizes=\"\" class=\"woocommerce-product-gallery__image\"><a href=\"https:\/\/vijfvoortwaalf.com\/wp-content\/uploads\/2026\/03\/book-cover-shop-luxe-front.jpg\"><img loading=\"lazy\" decoding=\"async\" width=\"600\" height=\"850\" src=\"https:\/\/vijfvoortwaalf.com\/wp-content\/uploads\/2026\/03\/book-cover-shop-luxe-front.jpg\" class=\"wp-post-image\" alt=\"5 voor 12 | Luxe editie NL\" data-caption=\"\" data-src=\"https:\/\/vijfvoortwaalf.com\/wp-content\/uploads\/2026\/03\/book-cover-shop-luxe-front.jpg\" data-large_image=\"https:\/\/vijfvoortwaalf.com\/wp-content\/uploads\/2026\/03\/book-cover-shop-luxe-front.jpg\" data-large_image_width=\"600\" data-large_image_height=\"850\" srcset=\"https:\/\/vijfvoortwaalf.com\/wp-content\/uploads\/2026\/03\/book-cover-shop-luxe-front.jpg 600w, https:\/\/vijfvoortwaalf.com\/wp-content\/uploads\/2026\/03\/book-cover-shop-luxe-front-480x680.jpg 480w\" sizes=\"(min-width: 0px) and (max-width: 480px) 480px, (min-width: 481px) 600px, 100vw\" \/><\/a><\/div><div data-thumb=\"https:\/\/vijfvoortwaalf.com\/wp-content\/uploads\/2026\/03\/gold_foil_book_cover_nl-luxe.jpg\" data-thumb-alt=\"5 voor 12 | Luxe editie NL - Imagen 3\" data-thumb-srcset=\"\"  data-thumb-sizes=\"(max-width: 1px) 100vw, 1px\" class=\"woocommerce-product-gallery__image\"><a href=\"https:\/\/vijfvoortwaalf.com\/wp-content\/uploads\/2026\/03\/gold_foil_book_cover_nl-luxe.jpg\"><img loading=\"lazy\" decoding=\"async\" width=\"1\" height=\"1\" src=\"https:\/\/vijfvoortwaalf.com\/wp-content\/uploads\/2026\/03\/gold_foil_book_cover_nl-luxe.jpg\" class=\"\" alt=\"5 voor 12 | Luxe editie NL - Imagen 3\" data-caption=\"\" data-src=\"https:\/\/vijfvoortwaalf.com\/wp-content\/uploads\/2026\/03\/gold_foil_book_cover_nl-luxe.jpg\" data-large_image=\"https:\/\/vijfvoortwaalf.com\/wp-content\/uploads\/2026\/03\/gold_foil_book_cover_nl-luxe.jpg\" data-large_image_width=\"0\" data-large_image_height=\"0\" \/><\/a><\/div>\t<\/div>\n<\/div>\n<\/div><\/div><\/div>\r\n\r\n<div class=\"et_pb_column_2 et_pb_column et_pb_column_1_2 et-last-child et_block_column et_pb_css_mix_blend_mode_passthrough\">\r\n\r\n<div class=\"et_pb_wc_title_0 et_pb_wc_title et_pb_bg_layout_light et_pb_module\"><div class=\"et_pb_module_inner\">\n\t\t<h1>5 pa 12 no ta 12 or | Edishon l\u00f9ksus (Hulandes)<\/h1><\/div><\/div>\r\n\r\n\r\n\r\n\r\n\r\n\r\n\r\n<div class=\"et_pb_wc_add_to_cart_0 et_pb_wc_add_to_cart et_pb_fields_label_position_inline et_pb_module\"><div class=\"et_pb_module_inner\"><p class=\"stock in-stock\">Hay existencias<\/p>\n\n\t\n\t<form class=\"cart\" action=\"https:\/\/vijfvoortwaalf.com\/product\/5-voor-12-luxe-editie-nl\/\" method=\"post\" enctype='multipart\/form-data'>\n\t\t\n\t\t<div class=\"quantity\">\n\t\t<label class=\"screen-reader-text\" for=\"quantity_69dcf1efd685a\">5 voor 12 | Luxe editie NL cantidad<\/label>\n\t<input\n\t\ttype=\"number\"\n\t\t\t\tid=\"quantity_69dcf1efd685a\"\n\t\tclass=\"input-text qty text\"\n\t\tname=\"quantity\"\n\t\tvalue=\"1\"\n\t\taria-label=\"Cantidad de productos\"\n\t\t\t\tmin=\"1\"\n\t\t\t\t\tmax=\"200\"\n\t\t\t\t\t\t\tstep=\"1\"\n\t\t\tplaceholder=\"\"\n\t\t\tinputmode=\"numeric\"\n\t\t\tautocomplete=\"off\"\n\t\t\t\/>\n\t<\/div>\n<input type=\"hidden\" name=\"reddit_for_woocommerce_event_id\" value=\"\" \/><script type=\"text\/javascript\">\n\/* <![CDATA[ *\/\ndocument.querySelector(\"[name=reddit_for_woocommerce_event_id]\").value = window.crypto.randomUUID()\n\/* ]]> *\/\n<\/script>\n\n\t\t<button type=\"submit\" name=\"add-to-cart\" value=\"1212\" class=\"single_add_to_cart_button button alt\">A\u00f1adir al carrito<\/button>\n\n\t\t\t<\/form>\n\n\t\n<\/div><\/div>\r\n\r\n<div class=\"et_pb_wc_meta_0 et_pb_wc_meta et_pb_wc_meta_layout_inline et_pb_module\"><div class=\"et_pb_module_inner\"><div class=\"product_meta\">\n\n\t\n\t\n\t\t<span class=\"sku_wrapper\">SKU: <span class=\"sku\">LUXE5V12<\/span><\/span>\n\n\t\n\t<span class=\"posted_in\">Categor\u00eda: <a href=\"https:\/\/vijfvoortwaalf.com\/product-categorie\/inspiratie-reflectie\/\" rel=\"tag\">Inspiratie &amp; Reflectie<\/a><\/span>\n\t\n\t\n<\/div>\n<\/div><\/div>\r\n\r\n<div class=\"et_pb_row_2 et_pb_row et_pb_row_nested et_block_row\">\r\n\r\n<div class=\"et_pb_column_3 et_pb_column et_pb_column_4_4 et-last-child et_block_column et_pb_css_mix_blend_mode_passthrough\">\r\n\r\n<div class=\"et_pb_heading_0 et_pb_heading et_pb_module et_flex_module\"><div class=\"et_pb_heading_container\"><h1 class=\"et_pb_module_header\">5 pa 12 no ta 12 or<\/h1><\/div><\/div>\r\n\r\n<div class=\"et_pb_wc_description_1 et_pb_wc_description et_pb_module\"><div class=\"et_pb_module_inner\"><p style=\"text-align: justify\">E reloshi no ta tik pa spanta bo, sino pa tene bo despierto. Tin momentonan den bo bida kaminda bo ta sinti ku mester tin un cambio. Bo sa: si mi no hasi nada awor, mi ta bai perde mas di mi mes. Vijf voor twaalf is nog geen twaalf uur ta hiba bo na e punto di giro. Na e fase kaminda dolor, intuishon i eskoho ta bin huntu. Kaminda bo ta si\u00f1a tende na loke bo kurpa i alma kaba sa, prom\u00e9 ku e kibra.<br \/>Den kuentonan di bida personal, Joyce Kwidama ta mustra kon un situashon ku por a bai mal por w\u00f2rdu bolbe den un otro rumbo. E ta konta tokante un divorcio hopi intens, un bankarota, un gijzeling, i periodonan den su bida ku por a kibra dje. E ta skohe konsientemente pa fe, aliniashon interno i akshon, komo un proseso espiritual i kristiano di responsabilidat i konfiansa.        <\/p>\n<p>ISBN: 9789083652603 5 pa 12 no ta 12 or<\/p>\n<\/div><\/div><\/div><\/div>\r\n\r\n<div class=\"et_pb_text_0 et_pb_text et_pb_bg_layout_light et_clickable et_pb_module et_flex_module\"><div class=\"et_pb_text_inner\"><p><em><span style=\"text-decoration: underline;\">Sigui kumpra &gt;&gt;<\/span><\/em><\/p>\n<\/div><\/div><\/div><\/div><\/div><\/div><\/div>","protected":false},"excerpt":{"rendered":"<p>E buki aki inspirador, yen di speransa i tambe hopi tenshon, ta pa tur hende ku ke (justu na tempu) ha\u00f1a su mes bek. Pa esnan ku ta tuma se\u00f1alnan na serio. Pa esnan ku no ta warda te ora e kibra. 5 pa 12 or not 12 or ta mustra ku bo por kambia rumbo prom\u00e9 ku e kibra.   <br \/>&#8211; Joyce Kwidama &#8211;<br \/><strong>E buki aki awor ta disponibel pa pre-order i lo sali na mei 2026.<\/strong><\/p>\n","protected":false},"featured_media":242051,"comment_status":"closed","ping_status":"closed","template":"","meta":{"inline_featured_image":false},"product_brand":[],"product_cat":[66],"product_tag":[],"class_list":{"0":"post-242050","1":"product","2":"type-product","3":"status-publish","4":"has-post-thumbnail","6":"product_cat-inspiracion-reflekshon","8":"first","9":"instock","10":"shipping-taxable","11":"purchasable","12":"product-type-simple"},"_links":{"self":[{"href":"https:\/\/vijfvoortwaalf.com\/es\/wp-json\/wp\/v2\/product\/242050","targetHints":{"allow":["GET"]}}],"collection":[{"href":"https:\/\/vijfvoortwaalf.com\/es\/wp-json\/wp\/v2\/product"}],"about":[{"href":"https:\/\/vijfvoortwaalf.com\/es\/wp-json\/wp\/v2\/types\/product"}],"replies":[{"embeddable":true,"href":"https:\/\/vijfvoortwaalf.com\/es\/wp-json\/wp\/v2\/comments?post=242050"}],"wp:featuredmedia":[{"embeddable":true,"href":"https:\/\/vijfvoortwaalf.com\/es\/wp-json\/wp\/v2\/media\/242051"}],"wp:attachment":[{"href":"https:\/\/vijfvoortwaalf.com\/es\/wp-json\/wp\/v2\/media?parent=242050"}],"wp:term":[{"taxonomy":"product_brand","embeddable":true,"href":"https:\/\/vijfvoortwaalf.com\/es\/wp-json\/wp\/v2\/product_brand?post=242050"},{"taxonomy":"product_cat","embeddable":true,"href":"https:\/\/vijfvoortwaalf.com\/es\/wp-json\/wp\/v2\/product_cat?post=242050"},{"taxonomy":"product_tag","embeddable":true,"href":"https:\/\/vijfvoortwaalf.com\/es\/wp-json\/wp\/v2\/product_tag?post=242050"}],"curies":[{"name":"wp","href":"https:\/\/api.w.org\/{rel}","templated":true}]}}