{"id":242038,"date":"2026-03-27T16:44:30","date_gmt":"2026-03-27T16:44:30","guid":{"rendered":"https:\/\/vijfvoortwaalf.com\/tokante-e-autora\/"},"modified":"2026-04-02T07:27:30","modified_gmt":"2026-04-02T07:27:30","slug":"tokante-e-autora","status":"publish","type":"page","link":"https:\/\/vijfvoortwaalf.com\/es\/tokante-e-autora\/","title":{"rendered":"Tokante e autora"},"content":{"rendered":"<div class=\"et_pb_section_0 et_pb_section et_section_regular et_block_section\">\n<div class=\"et_pb_row_0 et_pb_row et_block_row\">\n<div class=\"et_pb_column_0 et_pb_column et_pb_column_1_2 et_block_column et_pb_css_mix_blend_mode_passthrough\">\n<div class=\"et_pb_text_0 et_pb_text et_pb_bg_layout_light et_animated et_pb_module et_block_module\"><div class=\"et_pb_text_inner\"><h4><span style=\"color: #800000;\">TOKANTE E AUTORA<\/span><\/h4>\n<h1><span style=\"font-family: 'Safira March'; font-weight: normal;\">JOYCE<\/span> <span style=\"font-family: 'Safira March'; font-weight: normal;\">KWIDAMA<\/span><\/h1>\n<h4>mi historia<\/h4>\n<\/div><\/div>\n\n<div class=\"et_pb_text_1 et_pb_text et_pb_bg_layout_light et_animated et_pb_module et_block_module\"><div class=\"et_pb_text_inner\"><p><em>\u201cMi historia no a w\u00f2rdu skirbi pa splika mi pasado, sino pa duna otro nan futuro bek\u201d.<\/em><\/p>\n<p>Joyce Kwidama ta docente, trainer, terapeuta i skritora. Pero mas importante ainda, e ta un muh\u00e9 ku konos\u00e9 bida for di aden Ku un bos poderoso i kla, e ta papia tokante fe, sanashon, patronnan di famia i e kurashi pa kumins\u00e1 di nobo.<\/p>\n<p>Huntu ku e buki 5 pa 12 or is no ta 12 or, Joyce a desaroy\u00e1 kartanan di afirmashon i quote, dise\u00f1\u00e1 pa rek\u00f2rd\u00e1 bo tur dia di bo forsa, bo fe i bo direkshon. Esakinan ta un perfekto komplemento pa bo proseso di lesa, \u00f2f komo un anker den un fase nobo di bo bida.<\/p>\n<\/div>\n<div class=\"et_pb_module et_pb_button_module_wrapper et_pb_button_0_wrapper\"><a class=\"et_pb_button_0 et_pb_button et_pb_bg_layout_light et_animated et_pb_module et_block_module\" href=\"\">Pre-order su buki<\/a><\/div>\n<\/div>\n<\/div>\n\n<div class=\"et_pb_column_1 et_pb_column et_pb_column_1_2 et-last-child et_block_column et_pb_column_empty et_pb_css_mix_blend_mode_passthrough\"><\/div>\n<\/div>\n<\/div>\n\n<div class=\"et_pb_section_1 et_pb_section et_section_regular et_block_section\">\n<div class=\"et_pb_row_1 et_pb_row et_flex_row\">\n<div class=\"et_pb_column_2 et_pb_column et_flex_column et_pb_css_mix_blend_mode_passthrough et_flex_column_12_24 et_flex_column_12_24_tablet et_flex_column_24_24_phone\">\n<div class=\"et_pb_image_0 et_pb_image et_pb_image_sticky_tablet et_pb_module et_flex_module\"><span class=\"et_pb_image_wrap\"><img loading=\"lazy\" decoding=\"async\" src=\"https:\/\/vijfvoortwaalf.com\/wp-content\/uploads\/2026\/03\/Joyce-kwidama-about.jpg\" title=\"Joyce-kwidama-about\" width=\"400\" height=\"400\" srcset=\"https:\/\/vijfvoortwaalf.com\/wp-content\/uploads\/2026\/03\/Joyce-kwidama-about.jpg 400w, https:\/\/vijfvoortwaalf.com\/wp-content\/uploads\/2026\/03\/Joyce-kwidama-about-300x300.jpg 300w, https:\/\/vijfvoortwaalf.com\/wp-content\/uploads\/2026\/03\/Joyce-kwidama-about-100x100.jpg 100w, https:\/\/vijfvoortwaalf.com\/wp-content\/uploads\/2026\/03\/Joyce-kwidama-about-150x150.jpg 150w\" sizes=\"(max-width: 400px) 100vw, 400px\" class=\"wp-image-1079 wp-image-242132\" \/><\/span><\/div>\n<\/div>\n\n<div class=\"et_pb_column_3 et_pb_column et-last-child et_flex_column et_pb_css_mix_blend_mode_passthrough et_flex_column_24_24 et_flex_column_24_24_tablet et_flex_column_24_24_phone\">\n<div class=\"et_pb_text_2 et_pb_text et_pb_bg_layout_light et_pb_module et_flex_module et_flex_column_18_24_phone\"><div class=\"et_pb_text_inner\" data-et-mv-hidden-tablet=\"true\"><p>Joyce Kwidama ta un outor, forensiko i terapista di MDFT (Multidimensional Family Therapy), spesialis\u00e1 den EMDR i EFT, entre otro.<\/p>\n<p>Ademas, e ta un dosente, entrenador i empresario ku ekspertisio profundo den trauma, trabou sistem\u00e1tiko i desaroyo personal. Ku su ekspertisio i envolvimentu humano, e ta yuda su klientenan no solamente komprond\u00e9 kiko a forma nan, pero riba tur kos, ken nan por bira mas aya di nan dol\u00f3.<br \/>Nas\u00e9 na K\u00f2rsou, Joyce a lanta den un famia estrecho kaminda kuido, responsabilidat i resiliensia tabata un asuntu di naturalesa. E fundeshi ei di konekshon i forsa interno ta forma e koriente di su trabou te dia di awe. E sa for di eksperensia ku niun hende no ta separ\u00e1 di nan historia i ku sanashon ta kumins\u00e1 ku rekonosementu.<\/p>\n<p>Joyce ta traha for di un konvikshon kristian ku ta ankr\u00e1 profundo ku ta duna direkshon i stabilidat na su bida i su guia. Na mes momento, e ta topa tur hende ku habrimentu i r\u00e8sp\u00e8t, sin import\u00e1 nan antesedente \u00f2f historia di bida. Su mishon ta kla: pa yuda hende muh\u00e9 regres\u00e1 na nan mes prom\u00e9 ku bida forsa nan pa hasi esei. E konvikshon aki ta forma e fundeshi di su buki *5 voor 12 is nog geen 12 uur* (5 pa 12 no ta 12 ora ainda).<\/p>\n<\/div><\/div>\n<\/div>\n<\/div>\n<\/div>\n\n<div class=\"et_pb_section_2 et_pb_section et_section_regular et_flex_section\">\n<div class=\"et_pb_row_2 et_pb_row et_flex_row\">\n<div class=\"et_pb_column_4 et_pb_column et_flex_column et_pb_css_mix_blend_mode_passthrough et_flex_column_6_24 et_flex_column_6_24_tablet et_flex_column_24_24_phone\">\n<div class=\"et_pb_image_1 et_pb_image et_pb_module et_flex_module\"><span class=\"et_pb_image_wrap\"><img loading=\"lazy\" decoding=\"async\" src=\"https:\/\/vijfvoortwaalf.com\/wp-content\/uploads\/2026\/03\/openart-image_GUVZX0W3_1768471828409_raw-kopie.png\" title=\"openart-image_GUVZX0W3_1768471828409_raw copia\" width=\"567\" height=\"425\" srcset=\"https:\/\/vijfvoortwaalf.com\/wp-content\/uploads\/2026\/03\/openart-image_GUVZX0W3_1768471828409_raw-kopie.png 567w, https:\/\/vijfvoortwaalf.com\/wp-content\/uploads\/2026\/03\/openart-image_GUVZX0W3_1768471828409_raw-kopie-480x360.png 480w\" sizes=\"(min-width: 0px) and (max-width: 480px) 480px, (min-width: 481px) 567px, 100vw\" class=\"wp-image-1080\" \/><\/span><\/div>\n<\/div>\n\n<div class=\"et_pb_column_5 et_pb_column et-last-child et_flex_column et_pb_css_mix_blend_mode_passthrough et_flex_column_18_24 et_flex_column_18_24_tablet et_flex_column_24_24_phone\">\n<div class=\"et_pb_heading_0 et_pb_heading et_pb_module et_flex_module\"><div class=\"et_pb_heading_container\"><h1 class=\"et_pb_module_header\">PA TUR MUH\u00c9 KU A KIBRA DI ADEN PERO A SIGUI SONR\u00cd DI PAF\u00d3<\/h1><\/div><\/div>\n<\/div>\n<\/div>\n<\/div>\n\n<div class=\"et_pb_section_3 et_pb_section et_section_regular et_block_section\">\n<div class=\"et_pb_row_3 et_pb_row et_block_row\">\n<div class=\"et_pb_column_6 et_pb_column et_pb_column_4_4 et-last-child et_block_column et_pb_css_mix_blend_mode_passthrough\">\n<div class=\"et_pb_signup_0 et_pb_signup et_pb_newsletter et_pb_subscribe et_pb_no_bg et_pb_bg_layout_dark et_animated et_pb_module et_flex_module\"><div class=\"et_pb_newsletter_description\"><h1 class=\"et_pb_module_header\">Ta prom\u00e9 pa ha\u00f1a aktualisashonnan<\/h1><div class=\"et_pb_newsletter_description_content\" data-et-mv-hidden-tablet=\"true\" data-et-mv-hidden-phone=\"true\"><p>Ha\u00f1a insightnan nobo, eventonan i inspirashon rond\u00f3 di <br \/>5\u00a0 pa 12 no ta 12 or, direktamente den bo inbox.<\/p>\n<\/div><\/div><div class=\"et_pb_newsletter_form\"><form method=\"post\" class=\"et_pb_newsletter_custom_fields\"><div class=\"et_pb_newsletter_result et_pb_newsletter_error\"><\/div><div class=\"et_pb_newsletter_result et_pb_newsletter_success\"><h2>Success!<\/h2><\/div><div class=\"et_pb_newsletter_fields et_flex_module\"><p class=\"et_pb_newsletter_field et_pb_contact_field_last et_pb_contact_field_last_tablet et_pb_contact_field_last_phone\"><label class=\"et_pb_contact_form_label\" for=\"et_pb_signup_firstname\" style=\"display: none;\">Nombre<\/label><input class=\"input\" id=\"et_pb_signup_firstname\" type=\"text\" placeholder=\"Nombre\" name=\"et_pb_signup_firstname\" \/><\/p><p class=\"et_pb_newsletter_field et_pb_contact_field_last et_pb_contact_field_last_tablet et_pb_contact_field_last_phone\"><label class=\"et_pb_contact_form_label\" for=\"et_pb_signup_email\" style=\"display: none;\">Correo Electr\u00f3nico<\/label><input class=\"input\" id=\"et_pb_signup_email\" type=\"text\" placeholder=\"Correo Electr\u00f3nico\" name=\"et_pb_signup_email\" \/><\/p><p class=\"et_pb_newsletter_button_wrap\"><a class=\"et_pb_button et_pb_newsletter_button\" href=\"#\"><span class=\"et_subscribe_loader\"><\/span><span class=\"et_pb_newsletter_button_text\">Si, mi ke ha\u00f1a aktualisashonnan<\/span><\/a><\/p><\/div><input type=\"hidden\" name=\"et_pb_signup_provider\" value=\"mailerlite\" \/><input type=\"hidden\" name=\"et_pb_signup_list_id\" value=\"173349575457769433\" \/><input type=\"hidden\" name=\"et_pb_signup_account_name\" value=\"info@vijfvoortwaalfcom\" \/><input type=\"hidden\" name=\"et_pb_signup_ip_address\" value=\"true\" \/><input type=\"hidden\" name=\"et_pb_signup_checksum\" value=\"908a13d210e6524619fd70e9c4bee458\" \/><\/form><\/div><\/div>\n<\/div>\n<\/div>\n<\/div>","protected":false},"excerpt":{"rendered":"","protected":false},"author":1,"featured_media":0,"parent":0,"menu_order":0,"comment_status":"closed","ping_status":"closed","template":"","meta":{"inline_featured_image":false,"footnotes":""},"class_list":["post-242038","page","type-page","status-publish","hentry"],"_links":{"self":[{"href":"https:\/\/vijfvoortwaalf.com\/es\/wp-json\/wp\/v2\/pages\/242038","targetHints":{"allow":["GET"]}}],"collection":[{"href":"https:\/\/vijfvoortwaalf.com\/es\/wp-json\/wp\/v2\/pages"}],"about":[{"href":"https:\/\/vijfvoortwaalf.com\/es\/wp-json\/wp\/v2\/types\/page"}],"author":[{"embeddable":true,"href":"https:\/\/vijfvoortwaalf.com\/es\/wp-json\/wp\/v2\/users\/1"}],"replies":[{"embeddable":true,"href":"https:\/\/vijfvoortwaalf.com\/es\/wp-json\/wp\/v2\/comments?post=242038"}],"version-history":[{"count":23,"href":"https:\/\/vijfvoortwaalf.com\/es\/wp-json\/wp\/v2\/pages\/242038\/revisions"}],"predecessor-version":[{"id":242311,"href":"https:\/\/vijfvoortwaalf.com\/es\/wp-json\/wp\/v2\/pages\/242038\/revisions\/242311"}],"wp:attachment":[{"href":"https:\/\/vijfvoortwaalf.com\/es\/wp-json\/wp\/v2\/media?parent=242038"}],"curies":[{"name":"wp","href":"https:\/\/api.w.org\/{rel}","templated":true}]}}