{"id":242036,"date":"2026-03-27T13:57:17","date_gmt":"2026-03-27T13:57:17","guid":{"rendered":"https:\/\/vijfvoortwaalf.com\/eventonan\/"},"modified":"2026-04-02T08:40:24","modified_gmt":"2026-04-02T08:40:24","slug":"eventonan","status":"publish","type":"page","link":"https:\/\/vijfvoortwaalf.com\/es\/eventonan\/","title":{"rendered":"Eventonan"},"content":{"rendered":"<div class=\"et_pb_section_0 et_pb_section et_section_regular et_flex_section\">\n<div class=\"et_pb_row_0 et_pb_row et_flex_row\">\n<div class=\"et_pb_column_0 et_pb_column et_grid_column et_pb_css_mix_blend_mode_passthrough et_flex_column_6_24 et_flex_column_6_24_tablet et_flex_column_24_24_phone\">\n<div class=\"et_pb_image_0 et_pb_image et_pb_module et_flex_module\"><span class=\"et_pb_image_wrap\"><img loading=\"lazy\" decoding=\"async\" src=\"https:\/\/vijfvoortwaalf.com\/wp-content\/uploads\/2026\/03\/lopende-klok.gif\" title=\"reloj-en-marcha\" width=\"628\" height=\"628\" srcset=\"https:\/\/vijfvoortwaalf.com\/wp-content\/uploads\/2026\/03\/lopende-klok.gif 628w\" sizes=\"(max-width: 628px) 100vw, 628px\" class=\"wp-image-1140\" \/><\/span><\/div>\n<\/div>\n\n<div class=\"et_pb_column_1 et_pb_column et-last-child et_flex_column et_pb_css_mix_blend_mode_passthrough et_flex_column_18_24 et_flex_column_18_24_tablet et_flex_column_24_24_phone\">\n<div class=\"et_pb_text_0 et_pb_text et_pb_bg_layout_light et_pb_module et_flex_module et_flex_column_24_24 et_flex_column_24_24_tablet et_flex_column_24_24_phone\"><div class=\"et_pb_text_inner\" data-et-mv-hidden-phone=\"true\"><p><span style=\"color: #4c3733;\">events<\/span><\/p>\n<h1><\/h1>\n<\/div><\/div>\n<\/div>\n<\/div>\n<\/div>\n\n<div class=\"et_pb_section_1 et_pb_section et_section_regular et_block_section\">\n<div class=\"et_pb_row_1 et_pb_row et_flex_row\">\n<div class=\"et_pb_column_2 et_pb_column et_block_column et_pb_css_mix_blend_mode_passthrough et_flex_column_6_24 et_flex_column_6_24_tablet et_flex_column_24_24_phone\">\n<div class=\"et_pb_text_1 et_pb_text et_pb_bg_layout_light et_animated et_pb_module et_block_module\"><div class=\"et_pb_text_inner\" data-et-mv-hidden-tablet=\"true\"><p><strong><span style=\"color: #800000; font-family: 'NOW regular';\">7 MEI - DEN HAAG<\/span><\/strong><br \/><strong><span style=\"color: #800000; font-family: 'NOW regular';\">VANAF 16.00 UUR<\/span><\/strong><\/p>\n<p><span style=\"color: #800000; font-family: 'Calibri regular'; font-weight: normal;\">Mauritshuis |\u00a0<\/span><a href=\"https:\/\/www.google.com\/maps\/place\/\/data=!4m2!3m1!1s0x47c5b7235573af11:0xb981504e502da55c?sa=X&amp;ved=1t:8290&amp;ictx=111\" target=\"_blank\" rel=\"noopener\"><span style=\"color: #800000;\"><span style=\"font-family: 'Calibri regular'; font-weight: normal;\">Plein 29<br \/>2511 CS Den Haag<\/span><\/span><\/a><\/p>\n<\/div><\/div>\n\n<div class=\"et_pb_module et_pb_button_module_wrapper et_pb_button_0_wrapper\"><a class=\"et_pb_button_0 et_pb_button et_pb_bg_layout_dark et_animated et_pb_module et_block_module\" href=\"mailto:contact@vijfvoortwaalf.com\" target=\"_blank\">Registr\u00e1<\/a><\/div>\n<\/div>\n\n<div class=\"et_pb_column_3 et_pb_column et-last-child et_block_column et_pb_css_mix_blend_mode_passthrough et_flex_column_18_24 et_flex_column_18_24_tablet et_flex_column_24_24_phone\">\n<div class=\"et_pb_heading_0 et_pb_heading et_pb_module et_flex_module\"><div class=\"et_pb_heading_container\"><h1 class=\"et_pb_module_header\">Premiere \u2013 5 pa 12 or no ta 12 or<\/h1><\/div><\/div>\n\n<div class=\"et_pb_text_2 et_pb_text et_pb_bg_layout_light et_animated et_pb_module et_block_module\"><div class=\"et_pb_text_inner\" data-et-mv-hidden-tablet=\"true\"><p style=\"text-align: justify;\">Durante un anochi spesial den e prestishoso Mauritshuis na Den Haag, lo lans\u00e1 e buki 5 pa 12 or no ta 12 or.<\/p>\n<p>Patty Brard lo risib\u00ed e prom\u00e9 eh\u00e8mpel durante e premiere aki. Autor Joyce Kwidama lo konta tokante e historia tras di e buki i hiba e p\u00fabliko den e mensahe ku ta na e base di e obra spesial aki. Tambe lo tin oportunidat pa hasi e buki firm\u00e1 personalmente.<br \/>Biba e premiere eksklusivo di e buki aki di serka dor di registr\u00e1.  <\/p>\n<\/div><\/div>\n<\/div>\n<\/div>\n<\/div>\n\n<div class=\"et_pb_section_2 et_pb_section et_section_regular et_block_section\">\n<div class=\"et_pb_row_2 et_pb_row et_block_row\">\n<div class=\"et_pb_column_4 et_pb_column et_pb_column_4_4 et-last-child et_block_column et_pb_css_mix_blend_mode_passthrough\">\n<div class=\"et_pb_signup_0 et_pb_signup et_pb_newsletter et_pb_subscribe et_pb_no_bg et_pb_bg_layout_dark et_pb_text_align_center-phone et_animated et_pb_module et_flex_module\"><div class=\"et_pb_newsletter_description\"><h1 class=\"et_pb_module_header\">Ta prom\u00e9 pa ha\u00f1a aktualisashonnan<\/h1><div class=\"et_pb_newsletter_description_content\" data-et-mv-hidden-phone=\"true\"><p>Ha\u00f1a insightnan nobo, eventonan i inspirashon rond\u00f3 di 5 pa 12 or no ta 12 or, direktamente den bo inbox<\/p>\n<\/div><\/div><div class=\"et_pb_newsletter_form\"><form method=\"post\" class=\"\"><div class=\"et_pb_newsletter_result et_pb_newsletter_error\"><\/div><div class=\"et_pb_newsletter_result et_pb_newsletter_success\"><h2>Success!<\/h2><\/div><div class=\"et_pb_newsletter_fields et_flex_module\"><p class=\"et_pb_newsletter_field et_pb_contact_field_last et_pb_contact_field_last_tablet et_pb_contact_field_last_phone\"><label class=\"et_pb_contact_form_label\" for=\"et_pb_signup_firstname\" style=\"display: none;\">Nombre<\/label><input class=\"input\" id=\"et_pb_signup_firstname\" type=\"text\" placeholder=\"Nombre\" name=\"et_pb_signup_firstname\" \/><\/p><p class=\"et_pb_newsletter_field et_pb_contact_field_last et_pb_contact_field_last_tablet et_pb_contact_field_last_phone\"><label class=\"et_pb_contact_form_label\" for=\"et_pb_signup_email\" style=\"display: none;\">Correo Electr\u00f3nico<\/label><input class=\"input\" id=\"et_pb_signup_email\" type=\"text\" placeholder=\"Correo Electr\u00f3nico\" name=\"et_pb_signup_email\" \/><\/p><p class=\"et_pb_newsletter_button_wrap\"><a class=\"et_pb_button et_pb_newsletter_button\" href=\"#\"><span class=\"et_subscribe_loader\"><\/span><span class=\"et_pb_newsletter_button_text\">Si, mi ke ha\u00f1a aktualisashonnan<\/span><\/a><\/p><\/div><input type=\"hidden\" name=\"et_pb_signup_provider\" value=\"mailerlite\" \/><input type=\"hidden\" name=\"et_pb_signup_list_id\" value=\"173349575457769433\" \/><input type=\"hidden\" name=\"et_pb_signup_account_name\" value=\"info@vijfvoortwaalfcom\" \/><input type=\"hidden\" name=\"et_pb_signup_ip_address\" value=\"true\" \/><input type=\"hidden\" name=\"et_pb_signup_checksum\" value=\"824875db2f126860ced5f06861eacc50\" \/><\/form><\/div><\/div>\n<\/div>\n<\/div>\n<\/div>","protected":false},"excerpt":{"rendered":"","protected":false},"author":1,"featured_media":0,"parent":0,"menu_order":0,"comment_status":"closed","ping_status":"closed","template":"","meta":{"inline_featured_image":false,"footnotes":""},"class_list":["post-242036","page","type-page","status-publish","hentry"],"_links":{"self":[{"href":"https:\/\/vijfvoortwaalf.com\/es\/wp-json\/wp\/v2\/pages\/242036","targetHints":{"allow":["GET"]}}],"collection":[{"href":"https:\/\/vijfvoortwaalf.com\/es\/wp-json\/wp\/v2\/pages"}],"about":[{"href":"https:\/\/vijfvoortwaalf.com\/es\/wp-json\/wp\/v2\/types\/page"}],"author":[{"embeddable":true,"href":"https:\/\/vijfvoortwaalf.com\/es\/wp-json\/wp\/v2\/users\/1"}],"replies":[{"embeddable":true,"href":"https:\/\/vijfvoortwaalf.com\/es\/wp-json\/wp\/v2\/comments?post=242036"}],"version-history":[{"count":21,"href":"https:\/\/vijfvoortwaalf.com\/es\/wp-json\/wp\/v2\/pages\/242036\/revisions"}],"predecessor-version":[{"id":242354,"href":"https:\/\/vijfvoortwaalf.com\/es\/wp-json\/wp\/v2\/pages\/242036\/revisions\/242354"}],"wp:attachment":[{"href":"https:\/\/vijfvoortwaalf.com\/es\/wp-json\/wp\/v2\/media?parent=242036"}],"curies":[{"name":"wp","href":"https:\/\/api.w.org\/{rel}","templated":true}]}}