{"id":242034,"date":"2026-03-27T06:44:46","date_gmt":"2026-03-27T06:44:46","guid":{"rendered":"https:\/\/vijfvoortwaalf.com\/diario\/"},"modified":"2026-04-07T06:19:25","modified_gmt":"2026-04-07T06:19:25","slug":"diario","status":"publish","type":"page","link":"https:\/\/vijfvoortwaalf.com\/es\/diario\/","title":{"rendered":"Diario"},"content":{"rendered":"<div class=\"et_pb_section_0 et_pb_section et_section_regular et_flex_section\">\n<div class=\"et_pb_row_0 et_pb_row et_flex_row\">\n<div class=\"et_pb_column_0 et_pb_column et_grid_column et_pb_css_mix_blend_mode_passthrough et_flex_column_6_24 et_flex_column_6_24_tablet et_flex_column_24_24_phone\">\n<div class=\"et_pb_image_0 et_pb_image et_pb_module et_flex_module\"><span class=\"et_pb_image_wrap\"><img loading=\"lazy\" decoding=\"async\" src=\"https:\/\/vijfvoortwaalf.com\/wp-content\/uploads\/2026\/03\/ornament-klok.gif\" title=\"ornamento-reloj\" width=\"900\" height=\"900\" srcset=\"https:\/\/vijfvoortwaalf.com\/wp-content\/uploads\/2026\/03\/ornament-klok.gif 900w\" sizes=\"(max-width: 900px) 100vw, 900px\" class=\"wp-image-1120\" \/><\/span><\/div>\n<\/div>\n\n<div class=\"et_pb_column_1 et_pb_column et-last-child et_flex_column et_pb_css_mix_blend_mode_passthrough et_flex_column_18_24 et_flex_column_18_24_tablet et_flex_column_24_24_phone\">\n<div class=\"et_pb_text_0 et_pb_text et_pb_bg_layout_light et_pb_module et_flex_module et_flex_column_24_24 et_flex_column_24_24_tablet et_flex_column_24_24_phone\"><div class=\"et_pb_text_inner\" data-et-mv-hidden-phone=\"true\"><p><span style=\"color: #4c3733;\">diario<\/span><\/p>\n<h1><\/h1>\n<\/div><\/div>\n<\/div>\n<\/div>\n<\/div>\n\n<div class=\"et_pb_section_1 et_pb_section et_section_regular et_block_section\">\n<div class=\"et_pb_row_1 et_pb_row et_block_row\">\n<div class=\"et_pb_column_2 et_pb_column et_pb_column_4_4 et-last-child et_block_column et_pb_css_mix_blend_mode_passthrough\">\n<div class=\"et_pb_blog_0 et_pb_blog et_pb_bg_layout_light et_pb_text_align_left et_pb_posts et_animated et_pb_module\"><div class=\"et_pb_ajax_pagination_container\"><div class=\"et_pb_posts et_grid_module\"><article class=\"et_pb_post et_pb_post_id_242048 clearfix et_pb_no_thumb et_pb_blog_item_0_0 post-242048 post type-post status-publish format-standard hentry category-eventonan-i-komunidat\"><h2 class=\"entry-title\"><a href=\"https:\/\/vijfvoortwaalf.com\/es\/womens-conference\/\">Women&#8217;s Conference<\/a><\/h2><p class=\"post-meta\"><span class=\"published\">Mar 27, 2026<\/span> | <span class=\"entry-categories\"><a href=\"https:\/\/vijfvoortwaalf.com\/es\/category\/eventonan-i-komunidat\/\" rel=\"tag\">Eventonan i Komunidat<\/a><\/span><\/p><div class=\"post-content\"><div class=\"post-content-inner\"><p>Konferensha di Hende Muh\u00e9 Rotterdam, 31 di yan\u00fcari 2026 Orador prinsipal Joyce Kwidama a inspir\u00e1 muh\u00e9nan ku su mensahe for di su buki \u201c5 pa 12 no ta 12 or\u201d. No laga niun hende apaga bo lus. Bria. Riba 31 di yan\u00fcari mi a tin e honor pa ta presente komo special guest i&#8230;<\/p>\n<\/div><a href=\"https:\/\/vijfvoortwaalf.com\/es\/womens-conference\/\" class=\"more-link\">leer m\u00e1s&#8230;<\/a><\/div><\/article><\/div><div class=\"pagination clearfix\">\n\t<div class=\"alignleft\"><\/div>\n\t<div class=\"alignright\"><\/div>\n<\/div><\/div><\/div>\n<\/div>\n<\/div>\n<\/div>\n\n<div class=\"et_pb_section_2 et_pb_section et_section_regular et_block_section\">\n<div class=\"et_pb_row_2 et_pb_row et_block_row\">\n<div class=\"et_pb_column_3 et_pb_column et_pb_column_4_4 et-last-child et_block_column et_pb_css_mix_blend_mode_passthrough\">\n<div class=\"et_pb_signup_0 et_pb_signup et_pb_newsletter et_pb_subscribe et_pb_no_bg et_pb_bg_layout_dark et_pb_text_align_center-phone et_animated et_pb_module et_flex_module\"><div class=\"et_pb_newsletter_description\"><h1 class=\"et_pb_module_header\">Ta prom\u00e9 pa ha\u00f1a aktualisashonnan<\/h1><div class=\"et_pb_newsletter_description_content\" data-et-mv-hidden-tablet=\"true\"><p>Ha\u00f1a insightnan nobo, eventonan i inspirashon rond\u00f3 di 5 pa 12 no ta 12 or, direktamente den bo inbox.<\/p>\n<\/div><\/div><div class=\"et_pb_newsletter_form\"><form method=\"post\" class=\"et_pb_newsletter_custom_fields\"><div class=\"et_pb_newsletter_result et_pb_newsletter_error\"><\/div><div class=\"et_pb_newsletter_result et_pb_newsletter_success\"><h2>Success!<\/h2><\/div><div class=\"et_pb_newsletter_fields et_flex_module\"><p class=\"et_pb_newsletter_field et_pb_contact_field_last et_pb_contact_field_last_tablet et_pb_contact_field_last_phone\"><label class=\"et_pb_contact_form_label\" for=\"et_pb_signup_firstname\" style=\"display: none;\">Nombre<\/label><input class=\"input\" id=\"et_pb_signup_firstname\" type=\"text\" placeholder=\"Nombre\" name=\"et_pb_signup_firstname\" \/><\/p><p class=\"et_pb_newsletter_field et_pb_contact_field_last et_pb_contact_field_last_tablet et_pb_contact_field_last_phone\"><label class=\"et_pb_contact_form_label\" for=\"et_pb_signup_email\" style=\"display: none;\">Correo Electr\u00f3nico<\/label><input class=\"input\" id=\"et_pb_signup_email\" type=\"text\" placeholder=\"Correo Electr\u00f3nico\" name=\"et_pb_signup_email\" \/><\/p><p class=\"et_pb_newsletter_button_wrap\"><a class=\"et_pb_button et_pb_newsletter_button\" href=\"#\"><span class=\"et_subscribe_loader\"><\/span><span class=\"et_pb_newsletter_button_text\">Si, mi ke ha\u00f1a aktualisashonnan<\/span><\/a><\/p><\/div><input type=\"hidden\" name=\"et_pb_signup_provider\" value=\"mailerlite\" \/><input type=\"hidden\" name=\"et_pb_signup_list_id\" value=\"173349575457769433\" \/><input type=\"hidden\" name=\"et_pb_signup_account_name\" value=\"info@vijfvoortwaalfcom\" \/><input type=\"hidden\" name=\"et_pb_signup_ip_address\" value=\"true\" \/><input type=\"hidden\" name=\"et_pb_signup_checksum\" value=\"8300cddd6660b46f27989e4d0a72a070\" \/><\/form><\/div><\/div>\n<\/div>\n<\/div>\n<\/div>","protected":false},"excerpt":{"rendered":"","protected":false},"author":1,"featured_media":0,"parent":0,"menu_order":0,"comment_status":"closed","ping_status":"closed","template":"","meta":{"inline_featured_image":false,"footnotes":""},"class_list":["post-242034","page","type-page","status-publish","hentry"],"_links":{"self":[{"href":"https:\/\/vijfvoortwaalf.com\/es\/wp-json\/wp\/v2\/pages\/242034","targetHints":{"allow":["GET"]}}],"collection":[{"href":"https:\/\/vijfvoortwaalf.com\/es\/wp-json\/wp\/v2\/pages"}],"about":[{"href":"https:\/\/vijfvoortwaalf.com\/es\/wp-json\/wp\/v2\/types\/page"}],"author":[{"embeddable":true,"href":"https:\/\/vijfvoortwaalf.com\/es\/wp-json\/wp\/v2\/users\/1"}],"replies":[{"embeddable":true,"href":"https:\/\/vijfvoortwaalf.com\/es\/wp-json\/wp\/v2\/comments?post=242034"}],"version-history":[{"count":7,"href":"https:\/\/vijfvoortwaalf.com\/es\/wp-json\/wp\/v2\/pages\/242034\/revisions"}],"predecessor-version":[{"id":242572,"href":"https:\/\/vijfvoortwaalf.com\/es\/wp-json\/wp\/v2\/pages\/242034\/revisions\/242572"}],"wp:attachment":[{"href":"https:\/\/vijfvoortwaalf.com\/es\/wp-json\/wp\/v2\/media?parent=242034"}],"curies":[{"name":"wp","href":"https:\/\/api.w.org\/{rel}","templated":true}]}}