{"id":242012,"date":"2025-12-09T23:05:56","date_gmt":"2025-12-09T23:05:56","guid":{"rendered":"https:\/\/vijfvoortwaalf.com\/kondishonnan-general\/"},"modified":"2026-03-31T16:22:58","modified_gmt":"2026-03-31T16:22:58","slug":"kondishonnan-general","status":"publish","type":"page","link":"https:\/\/vijfvoortwaalf.com\/es\/kondishonnan-general\/","title":{"rendered":"Kondishonnan general"},"content":{"rendered":"\r\n\r\n<div class=\"et_pb_section_0 et_pb_section et_section_regular et_block_section\">\r\n\r\n<div class=\"et_pb_row_0 et_pb_row et_block_row\">\r\n\r\n<div class=\"et_pb_column_0 et_pb_column et_pb_column_4_4 et-last-child et_block_column et_pb_css_mix_blend_mode_passthrough\">\r\n\r\n<div class=\"et_pb_heading_0 et_pb_heading et_pb_module et_flex_module\"><div class=\"et_pb_heading_container\"><h1 class=\"et_pb_module_header\">Kondishonnan general<\/h1><\/div><\/div>\r\n\r\n<div class=\"et_pb_heading_1 et_pb_heading et_pb_module et_flex_module\"><div class=\"et_pb_heading_container\"><h1 class=\"et_pb_module_header\">Het is nog geen twaalf uur\n<\/h1><\/div><\/div>\r\n\r\n<div class=\"et_pb_text_0 et_pb_text et_pb_bg_layout_light et_pb_module et_block_module\"><div class=\"et_pb_text_inner\"><p>Het is nog geen twaalf uur ta un empresa di un persona, establec\u00ed na Andelst.<br \/>N\u00f9mer di KvK: 95965637 <br \/>Adr\u00e8s: Geurdeland 17 G, 6673DR Andelst, Hulanda<\/p>\n<p>1. Aplikabilidat<br \/>\u25cf E kondishonnan general aki ta aplikabel riba tur \u00f2rdennan via e webshop di Het is nog geen twaalf uur<br \/>\u25cf Door di hasi un \u00f2rden, bo ta akord ku e kondishonnan aki<\/p>\n<p>2. Produktonan<br \/>\u25cf Het is nog geen twaalf uur ta bende produktonan f\u00edsiko i (posibel) digital, manera bukinan i art\u00edkulonan relashon\u00e1<br \/>\u25cf Nos ta hasi nos mih\u00f3 pa deskrib\u00ed produktonan di un manera kla i komplet. Diferensianan chik\u00ed no ta duna derecho pa anulashon di e compra <\/p>\n<p>3. Preis i pago<br \/>\u25cf Tur preisnan ta inklu\u00ed btw, a m\u00e9nos ku ta indik\u00e1 otro manera<br \/>\u25cf Pago ta sosod\u00e9 via e m\u00e9todonan di pago ku ta ofres\u00e9 den e webshop<br \/>\u25cf Un \u00f2rden lo w\u00f2rdu proses\u00e1 despues di un pago ku a sosod\u00e9 ku \u00e9xito<\/p>\n<p>5. Entrega<br \/>\u25cf \u00d2rdennan ta w\u00f2rdu manda na e adr\u00e8s ku a w\u00f2rdu indik\u00e1<br \/>\u25cf Nos ta hasi nos mih\u00f3 pa un entrega r\u00e1pido, pero nos no por garantis\u00e1 tempu eksakto di entrega<br \/>\u25cf Het is nog geen twaalf uur no ta responsabel pa retrasonan na e vervoerder<\/p>\n<p>6. Devolushon \u2013 pa devolushon nos ta refer\u00ed na e pol\u00edtika di devolushon riba e website<\/p>\n<p>7. Responsabilidat<br \/>Het is nog geen twaalf uur no ta responsabel pa da\u00f1o indirekto, da\u00f1o konsekuente \u00f2f p\u00e8rdida ku ta result\u00e1 for di uso di nos produktonan<\/p>\n<p>8. Propiedat intelektual<br \/>Tur kontenido, inklusief tekstonan, dise\u00f1onan i produktonan, ta propiedat di Het is nog geen twaalf uur i no por w\u00f2rdu us\u00e1 \u00f2f kopia sin permiso<\/p>\n<p>9. Derecho aplikabel<br \/>Riba e kondishonnan aki, derecho Hulandes ta aplikabel<\/p>\n<\/div><\/div><\/div><\/div><\/div>\r\n\r\n<div class=\"et_pb_section_1 et_pb_section et_section_regular et_block_section\">\r\n\r\n<div class=\"et_pb_row_1 et_pb_row et_block_row\">\r\n\r\n<div class=\"et_pb_column_1 et_pb_column et_pb_column_4_4 et-last-child et_block_column et_pb_css_mix_blend_mode_passthrough\">\r\n\r\n<div class=\"et_pb_signup_0 et_pb_signup et_pb_newsletter et_pb_subscribe et_pb_no_bg et_pb_bg_layout_dark et_animated et_pb_module et_flex_module\"><div class=\"et_pb_newsletter_description\"><h1 class=\"et_pb_module_header\">Ta prom\u00e9 pa ha\u00f1a aktualisashonnan<\/h1><div class=\"et_pb_newsletter_description_content\"><p>Ha\u00f1a insightnan nobo, eventonan i inspirashon rond\u00f3 di 5 voor 12 is nog geen 12 uur, direktamente den bo inbox.<\/p>\n<\/div><\/div><div class=\"et_pb_newsletter_form\"><form method=\"post\" class=\"et_pb_newsletter_custom_fields\"><div class=\"et_pb_newsletter_result et_pb_newsletter_error\"><\/div><div class=\"et_pb_newsletter_result et_pb_newsletter_success\"><h2>Success!<\/h2><\/div><div class=\"et_pb_newsletter_fields et_flex_module\"><p class=\"et_pb_newsletter_field et_pb_contact_field_last et_pb_contact_field_last_tablet et_pb_contact_field_last_phone\"><label class=\"et_pb_contact_form_label\" for=\"et_pb_signup_firstname\" style=\"display: none;\">Nombre<\/label><input class=\"input\" id=\"et_pb_signup_firstname\" type=\"text\" placeholder=\"Nombre\" name=\"et_pb_signup_firstname\" \/><\/p><p class=\"et_pb_newsletter_field et_pb_contact_field_last et_pb_contact_field_last_tablet et_pb_contact_field_last_phone\"><label class=\"et_pb_contact_form_label\" for=\"et_pb_signup_email\" style=\"display: none;\">Correo Electr\u00f3nico<\/label><input class=\"input\" id=\"et_pb_signup_email\" type=\"text\" placeholder=\"Correo Electr\u00f3nico\" name=\"et_pb_signup_email\" \/><\/p><p class=\"et_pb_newsletter_button_wrap\"><a class=\"et_pb_button et_pb_newsletter_button\" href=\"#\"><span class=\"et_subscribe_loader\"><\/span><span class=\"et_pb_newsletter_button_text\">Si, mi ke ha\u00f1a aktualisashonnan<\/span><\/a><\/p><\/div><input type=\"hidden\" name=\"et_pb_signup_provider\" value=\"mailerlite\" \/><input type=\"hidden\" name=\"et_pb_signup_list_id\" value=\"173349575457769433\" \/><input type=\"hidden\" name=\"et_pb_signup_account_name\" value=\"info@vijfvoortwaalfcom\" \/><input type=\"hidden\" name=\"et_pb_signup_ip_address\" value=\"true\" \/><input type=\"hidden\" name=\"et_pb_signup_checksum\" value=\"6fa10c3111d0a0f34eee701e8f4e98c8\" \/><\/form><\/div><\/div><\/div><\/div><\/div>","protected":false},"excerpt":{"rendered":"","protected":false},"author":1,"featured_media":0,"parent":0,"menu_order":0,"comment_status":"closed","ping_status":"closed","template":"","meta":{"inline_featured_image":false,"footnotes":""},"class_list":["post-242012","page","type-page","status-publish","hentry"],"_links":{"self":[{"href":"https:\/\/vijfvoortwaalf.com\/es\/wp-json\/wp\/v2\/pages\/242012","targetHints":{"allow":["GET"]}}],"collection":[{"href":"https:\/\/vijfvoortwaalf.com\/es\/wp-json\/wp\/v2\/pages"}],"about":[{"href":"https:\/\/vijfvoortwaalf.com\/es\/wp-json\/wp\/v2\/types\/page"}],"author":[{"embeddable":true,"href":"https:\/\/vijfvoortwaalf.com\/es\/wp-json\/wp\/v2\/users\/1"}],"replies":[{"embeddable":true,"href":"https:\/\/vijfvoortwaalf.com\/es\/wp-json\/wp\/v2\/comments?post=242012"}],"version-history":[{"count":2,"href":"https:\/\/vijfvoortwaalf.com\/es\/wp-json\/wp\/v2\/pages\/242012\/revisions"}],"predecessor-version":[{"id":242019,"href":"https:\/\/vijfvoortwaalf.com\/es\/wp-json\/wp\/v2\/pages\/242012\/revisions\/242019"}],"wp:attachment":[{"href":"https:\/\/vijfvoortwaalf.com\/es\/wp-json\/wp\/v2\/media?parent=242012"}],"curies":[{"name":"wp","href":"https:\/\/api.w.org\/{rel}","templated":true}]}}